

{"id":115,"date":"2023-05-04T12:05:38","date_gmt":"2023-05-04T12:05:38","guid":{"rendered":"https:\/\/nordichealth.shop\/?page_id=115"},"modified":"2023-06-07T09:24:39","modified_gmt":"2023-06-07T09:24:39","slug":"kontant","status":"publish","type":"page","link":"https:\/\/nordichealth.shop\/?page_id=115","title":{"rendered":"Kontant"},"content":{"rendered":"\n<div class=\"row\"  id=\"row-16656711\">\n\n\n\t<div id=\"col-584449199\" class=\"col medium-6 small-12 large-6\"  >\n\t\t\t\t<div class=\"col-inner\"  >\n\t\t\t\n\t\t\t\n\n<p>Vielen Dank f\u00fcr dein Interesse an NordicHealth.shop, deinem Online-Shop f\u00fcr hochwertiges Rizinus\u00f6l in Deutschland. Wir stehen dir gerne zur Verf\u00fcgung und beantworten alle Fragen, Anliegen oder Anregungen, die du hast.<\/p>\n<p>Unser Kundenservice-Team ist bestrebt, dir den bestm\u00f6glichen Service zu bieten. Wir sind hier, um sicherzustellen, dass deine Erfahrung mit NordicHealth.shop reibungslos verl\u00e4uft und du mit deinem Einkauf zufrieden bist.<\/p>\n<p>Du kannst uns jederzeit \u00fcber das unten stehende Kontaktformular erreichen. Wir bem\u00fchen uns, deine Anfrage so schnell wie m\u00f6glich zu beantworten. Bitte gib uns alle relevanten Informationen, damit wir dir effektiv weiterhelfen k\u00f6nnen.<\/p>\n<p>Alternativ kannst du uns auch per E-Mail unter support@nordichealth.sohp kontaktieren oder uns w\u00e4hrend unserer Gesch\u00e4ftszeiten telefonisch unter +49 0151 25027859 erreichen.<\/p>\n<p>Wir freuen uns von dir zu h\u00f6ren und stehen dir gerne zur Seite!<\/p>\n<p>Dein NordicHealth.shop Team<\/p>\n<p class=\"p1\">Adresse des Gesch\u00e4fts:<\/p>\n<p class=\"p1\">Bavyera Street, 186\/2<\/p>\n<p class=\"p1\">Amsterdam, Niederlande<\/p>\n<p>+49 0151 25027859<\/p>\n\n\t\t<\/div>\n\t\t\t\t\t<\/div>\n\n\t\n\n\t<div id=\"col-1488805065\" class=\"col medium-6 small-12 large-6\"  >\n\t\t\t\t<div class=\"col-inner\"  >\n\t\t\t\n\t\t\t\n\n\n<div class=\"wpcf7 no-js\" id=\"wpcf7-f112-o1\" lang=\"en-US\" dir=\"ltr\" data-wpcf7-id=\"112\">\n<div class=\"screen-reader-response\"><p role=\"status\" aria-live=\"polite\" aria-atomic=\"true\"><\/p> <ul><\/ul><\/div>\n<form action=\"\/index.php?rest_route=%2Fwp%2Fv2%2Fpages%2F115#wpcf7-f112-o1\" method=\"post\" class=\"wpcf7-form init\" aria-label=\"Contact form\" novalidate=\"novalidate\" data-status=\"init\">\n<fieldset class=\"hidden-fields-container\"><input type=\"hidden\" name=\"_wpcf7\" value=\"112\" \/><input type=\"hidden\" name=\"_wpcf7_version\" value=\"6.1.5\" \/><input type=\"hidden\" name=\"_wpcf7_locale\" value=\"en_US\" \/><input type=\"hidden\" name=\"_wpcf7_unit_tag\" value=\"wpcf7-f112-o1\" \/><input type=\"hidden\" name=\"_wpcf7_container_post\" value=\"0\" \/><input type=\"hidden\" name=\"_wpcf7_posted_data_hash\" value=\"\" \/>\n<\/fieldset>\n<p><label> Your name<br \/>\n<span class=\"wpcf7-form-control-wrap\" data-name=\"your-name\"><input size=\"40\" maxlength=\"400\" class=\"wpcf7-form-control wpcf7-text wpcf7-validates-as-required\" autocomplete=\"name\" aria-required=\"true\" aria-invalid=\"false\" value=\"\" type=\"text\" name=\"your-name\" \/><\/span> <\/label>\n<\/p>\n<p><label> Your email<br \/>\n<span class=\"wpcf7-form-control-wrap\" data-name=\"your-email\"><input size=\"40\" maxlength=\"400\" class=\"wpcf7-form-control wpcf7-email wpcf7-validates-as-required wpcf7-text wpcf7-validates-as-email\" autocomplete=\"email\" aria-required=\"true\" aria-invalid=\"false\" value=\"\" type=\"email\" name=\"your-email\" \/><\/span> <\/label>\n<\/p>\n<p><label> Subject<br \/>\n<span class=\"wpcf7-form-control-wrap\" data-name=\"your-subject\"><input size=\"40\" maxlength=\"400\" class=\"wpcf7-form-control wpcf7-text wpcf7-validates-as-required\" aria-required=\"true\" aria-invalid=\"false\" value=\"\" type=\"text\" name=\"your-subject\" \/><\/span> <\/label>\n<\/p>\n<p><label> Your message (optional)<br \/>\n<span class=\"wpcf7-form-control-wrap\" data-name=\"your-message\"><textarea cols=\"40\" rows=\"10\" maxlength=\"2000\" class=\"wpcf7-form-control wpcf7-textarea\" aria-invalid=\"false\" name=\"your-message\"><\/textarea><\/span> <\/label>\n<\/p>\n<p><input class=\"wpcf7-form-control wpcf7-submit has-spinner\" type=\"submit\" value=\"Submit\" \/>\n<\/p><div class=\"wpcf7-response-output\" aria-hidden=\"true\"><\/div>\n<\/form>\n<\/div>\n\n\n\n\t\t<\/div>\n\t\t\t\t\t<\/div>\n\n\t\n\n<\/div>\n\n","protected":false},"excerpt":{"rendered":"","protected":false},"author":1,"featured_media":0,"parent":0,"menu_order":0,"comment_status":"closed","ping_status":"closed","template":"","meta":{"footnotes":""},"class_list":["post-115","page","type-page","status-publish","hentry"],"_links":{"self":[{"href":"https:\/\/nordichealth.shop\/index.php?rest_route=\/wp\/v2\/pages\/115","targetHints":{"allow":["GET"]}}],"collection":[{"href":"https:\/\/nordichealth.shop\/index.php?rest_route=\/wp\/v2\/pages"}],"about":[{"href":"https:\/\/nordichealth.shop\/index.php?rest_route=\/wp\/v2\/types\/page"}],"author":[{"embeddable":true,"href":"https:\/\/nordichealth.shop\/index.php?rest_route=\/wp\/v2\/users\/1"}],"replies":[{"embeddable":true,"href":"https:\/\/nordichealth.shop\/index.php?rest_route=%2Fwp%2Fv2%2Fcomments&post=115"}],"version-history":[{"count":6,"href":"https:\/\/nordichealth.shop\/index.php?rest_route=\/wp\/v2\/pages\/115\/revisions"}],"predecessor-version":[{"id":225,"href":"https:\/\/nordichealth.shop\/index.php?rest_route=\/wp\/v2\/pages\/115\/revisions\/225"}],"wp:attachment":[{"href":"https:\/\/nordichealth.shop\/index.php?rest_route=%2Fwp%2Fv2%2Fmedia&parent=115"}],"curies":[{"name":"wp","href":"https:\/\/api.w.org\/{rel}","templated":true}]}}