

{"id":177,"date":"2023-05-10T06:24:50","date_gmt":"2023-05-10T06:24:50","guid":{"rendered":"https:\/\/nordichealth.shop\/?post_type=product&#038;p=177"},"modified":"2026-02-09T08:15:18","modified_gmt":"2026-02-09T08:15:18","slug":"960mg-kapseln-hochdosiert-60-premium-vollspektrum-kapseln","status":"publish","type":"product","link":"https:\/\/nordichealth.shop\/?product=960mg-kapseln-hochdosiert-60-premium-vollspektrum-kapseln","title":{"rendered":"960mg Kapseln hochdosiert"},"content":{"rendered":"","protected":false},"excerpt":{"rendered":"<ul>\n<li>60 Kapseln<\/li>\n<\/ul>\n<p>Unsere 960mg Hanfkapseln enthalten eine innovative liposomale Technologie. Liposomen sch\u00fctzen die Wirkstoffe vor Verdauungsenzymen und erm\u00f6glichen eine drei Mal h\u00f6here Bioverf\u00fcgbarkeit, was bedeutet, dass es schneller und effektiver wirken kann.<\/p>\n","protected":false},"featured_media":55,"comment_status":"open","ping_status":"closed","template":"","meta":[],"product_brand":[],"product_cat":[18],"product_tag":[],"class_list":{"0":"post-177","1":"product","2":"type-product","3":"status-publish","4":"has-post-thumbnail","6":"product_cat-alle-produkte","8":"first","9":"instock","10":"sale","11":"shipping-taxable","12":"purchasable","13":"product-type-simple"},"_links":{"self":[{"href":"https:\/\/nordichealth.shop\/index.php?rest_route=\/wp\/v2\/product\/177","targetHints":{"allow":["GET"]}}],"collection":[{"href":"https:\/\/nordichealth.shop\/index.php?rest_route=\/wp\/v2\/product"}],"about":[{"href":"https:\/\/nordichealth.shop\/index.php?rest_route=\/wp\/v2\/types\/product"}],"replies":[{"embeddable":true,"href":"https:\/\/nordichealth.shop\/index.php?rest_route=%2Fwp%2Fv2%2Fcomments&post=177"}],"wp:featuredmedia":[{"embeddable":true,"href":"https:\/\/nordichealth.shop\/index.php?rest_route=\/wp\/v2\/media\/55"}],"wp:attachment":[{"href":"https:\/\/nordichealth.shop\/index.php?rest_route=%2Fwp%2Fv2%2Fmedia&parent=177"}],"wp:term":[{"taxonomy":"product_brand","embeddable":true,"href":"https:\/\/nordichealth.shop\/index.php?rest_route=%2Fwp%2Fv2%2Fproduct_brand&post=177"},{"taxonomy":"product_cat","embeddable":true,"href":"https:\/\/nordichealth.shop\/index.php?rest_route=%2Fwp%2Fv2%2Fproduct_cat&post=177"},{"taxonomy":"product_tag","embeddable":true,"href":"https:\/\/nordichealth.shop\/index.php?rest_route=%2Fwp%2Fv2%2Fproduct_tag&post=177"}],"curies":[{"name":"wp","href":"https:\/\/api.w.org\/{rel}","templated":true}]}}