

{"id":178,"date":"2023-05-10T06:24:51","date_gmt":"2023-05-10T06:24:51","guid":{"rendered":"https:\/\/nordichealth.shop\/?post_type=product&#038;p=178"},"modified":"2026-02-09T08:14:34","modified_gmt":"2026-02-09T08:14:34","slug":"15-oil","status":"publish","type":"product","link":"https:\/\/nordichealth.shop\/?product=15-oil","title":{"rendered":"Premium 15% \u00d6l"},"content":{"rendered":"","protected":false},"excerpt":{"rendered":"<ul>\n<li>F\u00fcr das nat\u00fcrliche Wohlbefinden und die Harmonie Ihres K\u00f6rpers<\/li>\n<li>Enth\u00e4lt ca. 250 Tropfen (entspricht 2mg pro Tropfen)<\/li>\n<li>Leichte Version f\u00fcr Einsteiger (f\u00fcr Mikrodosierung geeignet)<\/li>\n<\/ul>\n","protected":false},"featured_media":56,"comment_status":"open","ping_status":"closed","template":"","meta":[],"product_brand":[],"product_cat":[18],"product_tag":[],"class_list":{"0":"post-178","1":"product","2":"type-product","3":"status-publish","4":"has-post-thumbnail","6":"product_cat-alle-produkte","8":"first","9":"instock","10":"sale","11":"shipping-taxable","12":"purchasable","13":"product-type-simple"},"_links":{"self":[{"href":"https:\/\/nordichealth.shop\/index.php?rest_route=\/wp\/v2\/product\/178","targetHints":{"allow":["GET"]}}],"collection":[{"href":"https:\/\/nordichealth.shop\/index.php?rest_route=\/wp\/v2\/product"}],"about":[{"href":"https:\/\/nordichealth.shop\/index.php?rest_route=\/wp\/v2\/types\/product"}],"replies":[{"embeddable":true,"href":"https:\/\/nordichealth.shop\/index.php?rest_route=%2Fwp%2Fv2%2Fcomments&post=178"}],"wp:featuredmedia":[{"embeddable":true,"href":"https:\/\/nordichealth.shop\/index.php?rest_route=\/wp\/v2\/media\/56"}],"wp:attachment":[{"href":"https:\/\/nordichealth.shop\/index.php?rest_route=%2Fwp%2Fv2%2Fmedia&parent=178"}],"wp:term":[{"taxonomy":"product_brand","embeddable":true,"href":"https:\/\/nordichealth.shop\/index.php?rest_route=%2Fwp%2Fv2%2Fproduct_brand&post=178"},{"taxonomy":"product_cat","embeddable":true,"href":"https:\/\/nordichealth.shop\/index.php?rest_route=%2Fwp%2Fv2%2Fproduct_cat&post=178"},{"taxonomy":"product_tag","embeddable":true,"href":"https:\/\/nordichealth.shop\/index.php?rest_route=%2Fwp%2Fv2%2Fproduct_tag&post=178"}],"curies":[{"name":"wp","href":"https:\/\/api.w.org\/{rel}","templated":true}]}}